{"id":770911,"date":"2023-11-28T11:41:03","date_gmt":"2023-11-28T07:41:03","guid":{"rendered":"https:\/\/azcb.co\/damac-properties\/"},"modified":"2026-04-14T10:50:16","modified_gmt":"2026-04-14T06:50:16","slug":"damac-properties","status":"publish","type":"page","link":"https:\/\/azcb.co\/fr\/damac-properties\/","title":{"rendered":"Damac Properties"},"content":{"rendered":"<h2>DAMAC Properties<\/h2>\n<h2>Damac<\/h2>\n<p>La soci\u00e9t\u00e9 est r\u00e9put\u00e9e pour la cr\u00e9ation de quartiers dynamiques et de communaut\u00e9s prosp\u00e8res dans les zones les plus prestigieuses d&#8217;Abu Dhabi. Reem Island, Saadiyat Island et Yas Island ne sont que quelques-unes des r\u00e9alisations figurant sur la liste des emplacements remarquables. <\/p>\n<p>L\u2019entreprise vise \u00e0 soutenir l\u2019infrastructure de l\u2019\u00e9mirat avec des installations m\u00e9dicales, \u00e9ducatives, h\u00f4teli\u00e8res, de loisirs, commerciales et r\u00e9sidentielles. Le portefeuille immobilier d\u2019Aldar Properties comprend une large gamme de d\u00e9veloppements et de r\u00e9am\u00e9nagements tels qu\u2019Al Raha Beach, Yas Island, le World Trade Center Abu Dhabi, Al Falah et Noor Al Ain.  Le si\u00e8ge d\u2019Aldar \u00e0 Al Raha illustre parfaitement le concept innovant de l\u2019entreprise, \u00e9tant le premier b\u00e2timent circulaire de ce type. Outre son si\u00e8ge \u00e0 Al Raha, Aldar Properties PJSC a \u00e9t\u00e9 reconnue internationalement pour les projets suivants : <\/p>\n<h2>Propri\u00e9t\u00e9s de luxe de DAMAC<\/h2>\n<p>\t\t\t\t\t\t\t\t\t\t\t\t\t\t\t<img decoding=\"async\" width=\"1024\" height=\"538\" src=\"https:\/\/azcb.co\/wp-content\/uploads\/2023\/11\/coral-reef-damac-1024x538.webp\" alt=\"\" loading=\"lazy\" srcset=\"https:\/\/azcb.co\/wp-content\/uploads\/2023\/11\/coral-reef-damac-1024x538.webp 1024w, https:\/\/azcb.co\/wp-content\/uploads\/2023\/11\/coral-reef-damac-300x158.webp 300w, https:\/\/azcb.co\/wp-content\/uploads\/2023\/11\/coral-reef-damac-768x404.webp 768w, https:\/\/azcb.co\/wp-content\/uploads\/2023\/11\/coral-reef-damac-1536x807.webp 1536w, https:\/\/azcb.co\/wp-content\/uploads\/2023\/11\/coral-reef-damac-1142x600.webp 1142w, https:\/\/azcb.co\/wp-content\/uploads\/2023\/11\/coral-reef-damac-496x261.webp 496w, https:\/\/azcb.co\/wp-content\/uploads\/2023\/11\/coral-reef-damac.webp 2000w\" sizes=\"auto, (max-width: 1024px) 100vw, 1024px\">\t\t\t\t\t\t\t\t\t\t\t\t\t\t\t<\/p>\n<h2>Coral Reef<\/h2>\n<p>Coral Reef est un d\u00e9veloppement r\u00e9sidentiel de luxe proposant des appartements de 1 \u00e0 3 chambres \u00e0 Duba\u00ef Maritime City. Le promoteur principal du complexe est DAMAC Properties. L&#8217;int\u00e9rieur des r\u00e9sidences sera inspir\u00e9 par les r\u00e9cifs coralliens. La tour de 36 \u00e9tages est con\u00e7ue en partenariat avec Vincent Faudemer, un artiste fran\u00e7ais renomm\u00e9.   <\/p>\n<p>Coral Reef est situ\u00e9 \u00e0 c\u00f4t\u00e9 de Sheikh Zayed Road, offrant un acc\u00e8s fluide au reste de la ville. En seulement 20 minutes en voiture, vous pouvez rejoindre le centre-ville de Duba\u00ef, Business Bay et l&#8217;a\u00e9roport international de Duba\u00ef, entre autres destinations. <\/p>\n<p>La taille des propri\u00e9t\u00e9s varie de 776 \u00e0 1 815 pieds carr\u00e9s. Vous pourrez profiter de vues magnifiques sur le golfe Persique et les jardins tropicaux depuis votre balcon.   <\/p>\n<p>\t\t\t\t\t\t\t\t\t\t\t\t\t\t\t<img decoding=\"async\" width=\"1024\" height=\"674\" src=\"https:\/\/azcb.co\/wp-content\/uploads\/2023\/11\/cavalli-couture-damac-1024x674.webp\" alt=\"\" loading=\"lazy\" srcset=\"https:\/\/azcb.co\/wp-content\/uploads\/2023\/11\/cavalli-couture-damac-1024x674.webp 1024w, https:\/\/azcb.co\/wp-content\/uploads\/2023\/11\/cavalli-couture-damac-300x197.webp 300w, https:\/\/azcb.co\/wp-content\/uploads\/2023\/11\/cavalli-couture-damac-768x505.webp 768w, https:\/\/azcb.co\/wp-content\/uploads\/2023\/11\/cavalli-couture-damac-1536x1011.webp 1536w, https:\/\/azcb.co\/wp-content\/uploads\/2023\/11\/cavalli-couture-damac-912x600.webp 912w, https:\/\/azcb.co\/wp-content\/uploads\/2023\/11\/cavalli-couture-damac-496x326.webp 496w, https:\/\/azcb.co\/wp-content\/uploads\/2023\/11\/cavalli-couture-damac.webp 2000w\" sizes=\"auto, (max-width: 1024px) 100vw, 1024px\">\t\t\t\t\t\t\t\t\t\t\t\t\t\t\t<\/p>\n<h2>Cavalli Couture<\/h2>\n<p>Situ\u00e9 sur l&#8217;une des derni\u00e8res parcelles en bord de mer du canal de Duba\u00ef, Cavalli Couture est un d\u00e9veloppement ultra-luxueux de 12 \u00e9tages r\u00e9alis\u00e9 par l&#8217;une des principales soci\u00e9t\u00e9s immobili\u00e8res de luxe de Duba\u00ef, DAMAC Properties, en collaboration avec l&#8217;embl\u00e9matique maison de couture italienne Cavalli. Le nouveau projet en bord de mer sera con\u00e7u pour recr\u00e9er la for\u00eat amazonienne, avec une magnifique cascade sur sa fa\u00e7ade. En m\u00eame temps, comme Cavalli est r\u00e9put\u00e9 pour ses imprim\u00e9s animaliers vibrants, des \u00e9l\u00e9ments de la jungle seront \u00e9galement int\u00e9gr\u00e9s tout au long du projet.  <\/p>\n<p>Chaque propri\u00e9t\u00e9 comprendra une terrasse priv\u00e9e, o\u00f9 les occupants pourront se d\u00e9tendre dans leur propre piscine priv\u00e9e. De plus, les terrasses seront dot\u00e9es de murs hydroponiques, tr\u00e8s populaires dans les d\u00e9veloppements haut de gamme du monde entier. Pour un look \u00e9l\u00e9gant, les salles de bains et les chambres seront s\u00e9par\u00e9es par un mur miroir, et un panneau TV sera install\u00e9 dans les salles de bains.  <\/p>\n<p>\t\t\t\t\t\t\t\t\t\t\t\t\t\t\t<img decoding=\"async\" width=\"1024\" height=\"577\" src=\"https:\/\/azcb.co\/wp-content\/uploads\/2023\/11\/beverly-hills-damac-1024x577.webp\" alt=\"\" loading=\"lazy\" srcset=\"https:\/\/azcb.co\/wp-content\/uploads\/2023\/11\/beverly-hills-damac-1024x577.webp 1024w, https:\/\/azcb.co\/wp-content\/uploads\/2023\/11\/beverly-hills-damac-300x169.webp 300w, https:\/\/azcb.co\/wp-content\/uploads\/2023\/11\/beverly-hills-damac-768x433.webp 768w, https:\/\/azcb.co\/wp-content\/uploads\/2023\/11\/beverly-hills-damac-1536x866.webp 1536w, https:\/\/azcb.co\/wp-content\/uploads\/2023\/11\/beverly-hills-damac-1065x600.webp 1065w, https:\/\/azcb.co\/wp-content\/uploads\/2023\/11\/beverly-hills-damac-496x279.webp 496w, https:\/\/azcb.co\/wp-content\/uploads\/2023\/11\/beverly-hills-damac.webp 2000w\" sizes=\"auto, (max-width: 1024px) 100vw, 1024px\">\t\t\t\t\t\t\t\t\t\t\t\t\t\t\t<\/p>\n<h2>Beverly Hills Drive<\/h2>\n<p>Nich\u00e9 dans la communaut\u00e9 Trump Estates \u00e0 DAMAC Hills, Beverly Hills Drive est un d\u00e9veloppement r\u00e9sidentiel super-luxueux de DAMAC Properties qui propose une collection de villas exquises de 7 chambres, r\u00e9parties sur 3 \u00e9tages.<\/p>\n<p>L&#8217;un des avantages les plus attrayants des villas Beverly Hills Drive est la disponibilit\u00e9 d&#8217;une terrasse sur le toit, qui peut \u00eatre transform\u00e9e en salle de jeux, en cin\u00e9ma ext\u00e9rieur priv\u00e9, en salle de sport ou tout autre espace \u00e0 votre convenance.<\/p>\n<p>Apportant le glamour et la sophistication de Beverly Hills \u00e0 Duba\u00ef, ces r\u00e9sidences afficheront des int\u00e9rieurs de premi\u00e8re qualit\u00e9 avec des boiseries polies et des finitions dor\u00e9es, ainsi que des lustres en cristal. En m\u00eame temps, les ext\u00e9rieurs incorporeront de la pierre, de l&#8217;\u00e9clairage et des \u00e9crans sp\u00e9ciaux rappelant les p\u00e9tales d&#8217;une fleur, le tout cr\u00e9ant le look distinctif des villas Beverly Drive. <\/p>\n<p>\t\t\t\t\t\t\t\t\t\t\t\t\t\t\t<img decoding=\"async\" width=\"1024\" height=\"697\" src=\"https:\/\/azcb.co\/wp-content\/uploads\/2023\/11\/Marina-Bay-Damac-1024x697.webp\" alt=\"\" loading=\"lazy\" srcset=\"https:\/\/azcb.co\/wp-content\/uploads\/2023\/11\/Marina-Bay-Damac-1024x697.webp 1024w, https:\/\/azcb.co\/wp-content\/uploads\/2023\/11\/Marina-Bay-Damac-300x204.webp 300w, https:\/\/azcb.co\/wp-content\/uploads\/2023\/11\/Marina-Bay-Damac-768x523.webp 768w, https:\/\/azcb.co\/wp-content\/uploads\/2023\/11\/Marina-Bay-Damac-1536x1046.webp 1536w, https:\/\/azcb.co\/wp-content\/uploads\/2023\/11\/Marina-Bay-Damac-881x600.webp 881w, https:\/\/azcb.co\/wp-content\/uploads\/2023\/11\/Marina-Bay-Damac-496x338.webp 496w, https:\/\/azcb.co\/wp-content\/uploads\/2023\/11\/Marina-Bay-Damac.webp 1920w\" sizes=\"auto, (max-width: 1024px) 100vw, 1024px\">\t\t\t\t\t\t\t\t\t\t\t\t\t\t\t<\/p>\n<h2>Marina Bay<\/h2>\n<p>Marina Bay est un d\u00e9veloppement moderne de 25 \u00e9tages \u00e0 usage mixte situ\u00e9 dans la communaut\u00e9 de Najmat \u00e0 Abu Dhabi, sur l&#8217;\u00eele d&#8217;Al Reem. C&#8217;est un b\u00e2timent c\u00f4tier surplombant le canal. Le complexe est situ\u00e9 dans la partie est de l&#8217;\u00eele, ce qui permet un trajet de 30 minutes en voiture jusqu&#8217;au centre de l&#8217;\u00e9mirat et d&#8217;autres quartiers de la ville.  <\/p>\n<p>Le projet a \u00e9t\u00e9 r\u00e9alis\u00e9 par le promoteur DAMAC Properties. La construction a \u00e9t\u00e9 achev\u00e9e en 2018. <\/p>\n<p>Plus de 350 propri\u00e9t\u00e9s sont disponibles pour les acheteurs potentiels \u00e0 Marina Bay, repr\u00e9sent\u00e9es par des appartements de 1, 2 et 3 chambres, ainsi que des maisons de ville. Les r\u00e9sidences varient en taille de 818 \u00e0 1 980 pieds carr\u00e9s. Toutes les pi\u00e8ces sont dot\u00e9es de fen\u00eatres panoramiques \u00e0 double vitrage et les sols sont recouverts de carreaux de c\u00e9ramique.   <\/p>\n<h2>Propri\u00e9t\u00e9s haut de gamme \u00e0 vendre de DAMAC<\/h2>\n<p>No listing found.<\/p>\n<p>        <!-- listing-view --><br \/>\n            <!-- property-grid-module --><br \/>\n\t\t\t\t\t\t\t\t\t\t\t\t\t\t\t<img decoding=\"async\" width=\"1000\" height=\"600\" src=\"https:\/\/azcb.co\/wp-content\/uploads\/2023\/11\/chic-tower-damac.jpg\" alt=\"\" loading=\"lazy\" srcset=\"https:\/\/azcb.co\/wp-content\/uploads\/2023\/11\/chic-tower-damac.jpg 1000w, https:\/\/azcb.co\/wp-content\/uploads\/2023\/11\/chic-tower-damac-300x180.jpg 300w, https:\/\/azcb.co\/wp-content\/uploads\/2023\/11\/chic-tower-damac-768x461.jpg 768w, https:\/\/azcb.co\/wp-content\/uploads\/2023\/11\/chic-tower-damac-496x298.jpg 496w\" sizes=\"auto, (max-width: 1000px) 100vw, 1000px\">\t\t\t\t\t\t\t\t\t\t\t\t\t\t\t<\/p>\n<h2>Obtenez une consultation gratuite<\/h2>\n<form id=\"houzez-form-995646d\" method=\"post\" name=\"Nouveau formulaire\" action=\"https:\/\/azcb.co\/wp-admin\/admin-ajax.php\">\n            <input type=\"hidden\" name=\"form_id\" value=\"995646d\"\/><br \/>\n            <input type=\"hidden\" name=\"action\" value=\"houzez_ele_inquiry_form\" \/><br \/>\n            <input type=\"hidden\" name=\"source_link\" value=\"\" \/><br \/>\n            <input type=\"hidden\" name=\"lead_page_id\" value=\"0\" \/><br \/>\n            <input type=\"hidden\" name=\"is_estimation\" value=\"yes\" \/><br \/>\n            <input type=\"hidden\" name=\"webhook\" value=\"false\" \/><br \/>\n            <input type=\"hidden\" name=\"webhook_url\" value=\"\" \/><br \/>\n            <input type=\"hidden\" name=\"redirect_to\" value=\"https:\/\/azcb.co\/thank-you\" \/><br \/>\n            <input type=\"hidden\" name=\"email_subject\" value=\"Nouveau message de \u00ab Aldar Developers Page \u00bb\" \/><br \/>\n            <input type=\"hidden\" name=\"google_recaptcha\" value=\"yes\" \/><br \/>\n                    <input type=\"text\" name=\"name\" id=\"form-field-cc6b92f\" placeholder=\"Nom\" title=\"* Nom\" required=\"required\"><br \/>\n                    <input type=\"email\" name=\"email\" id=\"form-field-932d82c\" placeholder=\"E-mail\" title=\"* E-mail\" required=\"required\"><br \/>\n                    <input type=\"text\" name=\"mobile\" id=\"form-field-99e5173\" placeholder=\"T\u00e9l\u00e9phone\" title=\"* T\u00e9l\u00e9phone\" required=\"required\"><br \/>\n                    <textarea name=\"message\" id=\"form-field-67fe9b1\" rows=\"4\" placeholder=\"Message\"><\/textarea><br \/>\n                        <label><br \/>\n                                                        <input required type=\"checkbox\" name=\"gdpr_agreement\" id=\"gdpr_agreement\" aria-required=\"true\"><br \/>\n                            J&#8217;accepte de recevoir d&#8217;autres communications de AZCB Real Estate.<br \/>\n                        <\/label><br \/>\n                    <!-- form-group --><br \/>\n                    <button type=\"submit\"><br \/>\n                                                    Soumettre                                            <\/button><br \/>\n            <!-- End wrapper--><br \/>\n            <br \/>\n        <\/form>\n","protected":false},"excerpt":{"rendered":"<p>DAMAC Properties Damac La soci\u00e9t\u00e9 est r\u00e9put\u00e9e pour la cr\u00e9ation de quartiers dynamiques et de communaut\u00e9s prosp\u00e8res dans les zones les plus prestigieuses d&#8217;Abu Dhabi. Reem Island, Saadiyat Island et Yas Island ne sont que quelques-unes des r\u00e9alisations figurant sur la liste des emplacements remarquables. L\u2019entreprise vise \u00e0 soutenir l\u2019infrastructure de l\u2019\u00e9mirat avec des installations [&hellip;]<\/p>\n","protected":false},"author":223,"featured_media":0,"parent":0,"menu_order":0,"comment_status":"closed","ping_status":"closed","template":"elementor_header_footer","meta":{"_joinchat":[],"footnotes":""},"class_list":["post-770911","page","type-page","status-publish","hentry"],"_links":{"self":[{"href":"https:\/\/azcb.co\/fr\/wp-json\/wp\/v2\/pages\/770911","targetHints":{"allow":["GET"]}}],"collection":[{"href":"https:\/\/azcb.co\/fr\/wp-json\/wp\/v2\/pages"}],"about":[{"href":"https:\/\/azcb.co\/fr\/wp-json\/wp\/v2\/types\/page"}],"author":[{"embeddable":true,"href":"https:\/\/azcb.co\/fr\/wp-json\/wp\/v2\/users\/223"}],"replies":[{"embeddable":true,"href":"https:\/\/azcb.co\/fr\/wp-json\/wp\/v2\/comments?post=770911"}],"version-history":[{"count":0,"href":"https:\/\/azcb.co\/fr\/wp-json\/wp\/v2\/pages\/770911\/revisions"}],"wp:attachment":[{"href":"https:\/\/azcb.co\/fr\/wp-json\/wp\/v2\/media?parent=770911"}],"curies":[{"name":"wp","href":"https:\/\/api.w.org\/{rel}","templated":true}]}}