{"id":763726,"date":"2026-05-01T14:34:03","date_gmt":"2026-05-01T10:34:03","guid":{"rendered":"https:\/\/azcb.co\/vendre-ou-louer-votre-propriete\/"},"modified":"2026-05-01T19:43:22","modified_gmt":"2026-05-01T15:43:22","slug":"vendre-ou-louer-votre-propriete","status":"publish","type":"page","link":"https:\/\/azcb.co\/fr\/vendre-ou-louer-votre-propriete\/","title":{"rendered":"Vendre ou louer votre bien immobilier"},"content":{"rendered":"<h5>Leading Developer in Abu Dhabi<\/h5>\n<h1>Aldar Properties Draft<\/h1>\n<p>Premium Luxury Projects in Saadiyat, and Yas Island.\u00a0 Wide range of Ready to Move and Off Plan (Beachfront and Golf View) Apartments and Villas. All Nationalities can Buy!<\/p>\n<p>\t\t\t\t\t\t\t\t\t\t\t\t\t\t\t<img decoding=\"async\" width=\"1024\" height=\"365\" src=\"https:\/\/azcb.co\/wp-content\/uploads\/2023\/11\/alzaeem-logo-on-website.png\" alt=\"\" loading=\"lazy\" srcset=\"https:\/\/azcb.co\/wp-content\/uploads\/2023\/11\/alzaeem-logo-on-website.png 1024w, https:\/\/azcb.co\/wp-content\/uploads\/2023\/11\/alzaeem-logo-on-website-300x107.png 300w, https:\/\/azcb.co\/wp-content\/uploads\/2023\/11\/alzaeem-logo-on-website-768x274.png 768w, https:\/\/azcb.co\/wp-content\/uploads\/2023\/11\/alzaeem-logo-on-website-496x177.png 496w\" sizes=\"auto, (max-width: 1024px) 100vw, 1024px\">\t\t\t\t\t\t\t\t\t\t\t\t\t\t\t<\/p>\n<h5>Prices Start at AED 673,060<\/h5>\n<h3>Luxury Beyond Expectations<\/h3>\n<h2>Vendez ou louez votre bien en toute confiance !<\/h2>\n<p>Que vous souhaitiez vendre rapidement ou louer intelligemment, nous sommes l\u00e0 pour vous accompagner! Gr\u00e2ce \u00e0 une analyse de march\u00e9 en temps r\u00e9el, une approche sans approximations et une transparence totale, nous veillons \u00e0 ce que votre bien re\u00e7oive l&#8217;attention (et le prix) qu&#8217;il m\u00e9rite. Transformons votre bien en source de profit.<\/p>\n<p>Nous collaborons avec des propri\u00e9taires locaux et internationaux \u00e0 la recherche de solutions fiables et sans tracas. Que vous soyez \u00e0 l&#8217;\u00e9tranger ou aux \u00c9mirats arabes unis, nous vous tenons inform\u00e9s des tendances du march\u00e9 en temps r\u00e9el afin que vous sachiez toujours quel est le moment id\u00e9al pour vendre ou louer, et \u00e0 quel prix.<\/p>\n<p>Appartements, villas, maisons de ville ou immeubles entiers\u00a0: nous savons comment commercialiser votre bien efficacement aupr\u00e8s de la bonne client\u00e8le. Confiez-nous votre bien d\u00e8s aujourd&#8217;hui et d\u00e9couvrez \u00e0 quel point la gestion immobili\u00e8re peut \u00eatre simple et rentable.<\/p>\n<p>\t\t\t\t\t<a href=\"#ryi-form\"><br \/>\n\t\t\t\t\t\t\t\t\tInscrivez votre propri\u00e9t\u00e9<br \/>\n\t\t\t\t\t<\/a><br \/>\n\t\t\t\t\t\t\t\t\t\t\t\t\t\t\t<img decoding=\"async\" width=\"1920\" height=\"1280\" src=\"https:\/\/azcb.co\/wp-content\/uploads\/2026\/03\/List-your-property2.avif\" alt=\"\" loading=\"lazy\" srcset=\"https:\/\/azcb.co\/wp-content\/uploads\/2026\/03\/List-your-property2.avif 1920w, https:\/\/azcb.co\/wp-content\/uploads\/2026\/03\/List-your-property2-1536x1024.avif 1536w\" sizes=\"auto, (max-width: 1920px) 100vw, 1920px\">\t\t\t\t\t\t\t\t\t\t\t\t\t\t\t<\/p>\n<h2>Pourquoi confier la vente de votre bien immobilier \u00e0 Al Zaeem ?<\/h2>\n<p>\t\t\t\t\t\t\t\t\t\t\t\t\t\t\t\t<a href=\"https:\/\/azcb.co\/fr\/status\/vente-residentielle\/\"><br \/>\n\t\t\t\t\t\t\t<img decoding=\"async\" src=\"https:\/\/azcb.co\/wp-content\/uploads\/elementor\/thumbs\/calendar-rkfp108xe5pw8cloneev3wc8qmc8x5ec8rauveekz2.avif\" title=\"Calendrier\" alt=\"Calendrier\" loading=\"lazy\" \/>\t\t\t\t\t\t\t\t<\/a><\/p>\n<p>16 Ans<\/p>\n<p>de travail productif<\/p>\n<p>\t\t\t\t\t\t\t\t\t\t\t\t\t\t\t\t<a href=\"https:\/\/azcb.co\/fr\/status\/vente-residentielle\/\"><br \/>\n\t\t\t\t\t\t\t<img decoding=\"async\" src=\"https:\/\/azcb.co\/wp-content\/uploads\/elementor\/thumbs\/customer-service-1-rkfqzmucx0eilk0f8fgoykq3lw84aes9mbza0vonfy.avif\" title=\"Service client (1)\" alt=\"Service client (1)\" loading=\"lazy\" \/>\t\t\t\t\t\t\t\t<\/a><\/p>\n<p>280+ Agents Performants<\/p>\n<p>sp\u00e9cialis\u00e9s dans votre secteur cible<\/p>\n<p>\t\t\t\t\t\t\t\t\t\t\t\t\t\t\t\t<a href=\"https:\/\/azcb.co\/fr\/status\/vente-residentielle\/\"><br \/>\n\t\t\t\t\t\t\t<img decoding=\"async\" src=\"https:\/\/azcb.co\/wp-content\/uploads\/elementor\/thumbs\/house-key-rkfr1fp80kvaune7pphy8mcwlhcg1ixqv8zs4z0him.avif\" title=\"Cl\u00e9 de maison\" alt=\"Cl\u00e9 de maison\" loading=\"lazy\" \/>\t\t\t\t\t\t\t\t<\/a><\/p>\n<p>43,500+ Propri\u00e9t\u00e9s<\/p>\n<p>g\u00e9r\u00e9, vendu, lou\u00e9 et pris en location<\/p>\n<p>\t\t\t\t\t\t\t\t\t\t\t\t\t\t\t\t<a href=\"https:\/\/azcb.co\/fr\/status\/vente-residentielle\/\"><br \/>\n\t\t\t\t\t\t\t<img decoding=\"async\" src=\"https:\/\/azcb.co\/wp-content\/uploads\/elementor\/thumbs\/investment-1-rkfqxyoorm45yifszpgkizwll8gmls5g2287b65ui6.avif\" title=\"Investissement (1)\" alt=\"Investissement (1)\" loading=\"lazy\" \/>\t\t\t\t\t\t\t\t<\/a><\/p>\n<p>87,000 Clients Satisfaits<\/p>\n<p>Clients priv\u00e9s et professionnels du march\u00e9 immobilier<\/p>\n<p>\t\t\t\t\t\t\t\t\t\t\t\t\t\t\t\t<a href=\"https:\/\/azcb.co\/fr\/status\/vente-residentielle\/\"><br \/>\n\t\t\t\t\t\t\t<img decoding=\"async\" src=\"https:\/\/azcb.co\/wp-content\/uploads\/elementor\/thumbs\/office-building-rkfpafknxcmenkwslz36m0pn6pvr3vtfvet54afgku.avif\" title=\"Immeuble de bureaux\" alt=\"Immeuble de bureaux\" loading=\"lazy\" \/>\t\t\t\t\t\t\t\t<\/a><\/p>\n<p>6 M\u00e9ga bureaux<\/p>\n<p>\u00c0 Abou Dabi, \u00e0 Duba\u00ef et en Azerba\u00efdjan<\/p>\n<p>\t\t\t\t\t\t\t\t\t\t\t\t\t\t\t\t<a href=\"https:\/\/azcb.co\/fr\/status\/vente-residentielle\/\"><br \/>\n\t\t\t\t\t\t\t<img decoding=\"async\" src=\"https:\/\/azcb.co\/wp-content\/uploads\/elementor\/thumbs\/languages-rkfq8mx8mbg14r86vrcgcdzhdhal7dlt8pf7srpq5q.avif\" title=\"Langues\" alt=\"Langues\" loading=\"lazy\" \/>\t\t\t\t\t\t\t\t<\/a><\/p>\n<p>13+ Langues<\/p>\n<p>Nous parlons les langues les plus r\u00e9pandues<\/p>\n<p>\t\t\t\t\t\t\t\t\t\t\t\t\t\t\t\t<a href=\"https:\/\/azcb.co\/fr\/status\/vente-residentielle\/\"><br \/>\n\t\t\t\t\t\t\t<img decoding=\"async\" src=\"https:\/\/azcb.co\/wp-content\/uploads\/elementor\/thumbs\/agreement-1-rkfqpdfsb4ctusx05hsb8nxy5gsv9d1r7jlgf4wdda.avif\" title=\"Accord (1)\" alt=\"Accord (1)\" loading=\"lazy\" \/>\t\t\t\t\t\t\t\t<\/a><\/p>\n<p>Partenaire de vente de Premier Plan<\/p>\n<p>Avec les promoteurs immobiliers des \u00c9mirats arabes unis<\/p>\n<p>\t\t\t\t\t\t\t\t\t\t\t\t\t\t\t\t<a href=\"https:\/\/azcb.co\/fr\/status\/vente-residentielle\/\"><br \/>\n\t\t\t\t\t\t\t<img decoding=\"async\" src=\"https:\/\/azcb.co\/wp-content\/uploads\/elementor\/thumbs\/revenue-rkfpc0wti8swbslib5vfc48rf8155f52falre62g1a.avif\" title=\"Revenus\" alt=\"Revenus\" loading=\"lazy\" \/>\t\t\t\t\t\t\t\t<\/a><\/p>\n<p>AED 12.4 Milliards<\/p>\n<p>Le montant total des biens immobiliers que nous avons vendus en 2024<\/p>\n<p>\t\t\t\t\t\t\t\t\t\t\t\t\t\t\t<img decoding=\"async\" src=\"https:\/\/azcb.co\/wp-content\/uploads\/Unveiling-the-Duties-of-a-Conveyancer.png\" title=\"\" alt=\"\" loading=\"lazy\"><br \/>\n\t\t\t\t\t\t\t\t\t\t\t\t\t\t\t<img decoding=\"async\" width=\"626\" height=\"417\" src=\"https:\/\/azcb.co\/wp-content\/uploads\/2026\/02\/sign-a-contract.avif\" alt=\"Transaction r\u00e9ussie\" loading=\"lazy\" \/>\t\t\t\t\t\t\t\t\t\t\t\t\t\t\t<\/p>\n<h2>\u00c9conomisez votre temps et votre \u00e9nergie<\/h2>\n<p>Plus besoin de courir les interm\u00e9diaires ni de faire appel \u00e0 plusieurs prestataires\u00a0: nos experts internes prennent en charge l\u2019int\u00e9gralit\u00e9 du processus d\u2019achat-vente, du d\u00e9but \u00e0 la fin. Assistance juridique, gestion immobili\u00e8re, conseil, formalit\u00e9s de transfert de propri\u00e9t\u00e9\u00a0: nous vous offrons une gamme compl\u00e8te de services.<\/p>\n<p>Nous ne nous contentons pas de conclure la vente, nous restons \u00e0 vos c\u00f4t\u00e9s m\u00eame apr\u00e8s la signature. Qu\u2019il s\u2019agisse de formalit\u00e9s administratives, de probl\u00e8mes li\u00e9s \u00e0 la remise des cl\u00e9s ou de la gestion post-vente, notre \u00e9quipe veille \u00e0 ce que tout se d\u00e9roule sans accroc. Vous pouvez ainsi vous d\u00e9tendre et nous laisser g\u00e9rer les aspects techniques.<\/p>\n<h2>Une r\u00e9putation b\u00e2tie sur la confiance et les r\u00e9sultats<\/h2>\n<p data-start=\"154\" data-end=\"431\">Au fil des ans, nous avons acquis une r\u00e9putation d&#8217;excellence sur le march\u00e9 immobilier des \u00c9mirats arabes unis, gr\u00e2ce \u00e0 notre engagement envers la satisfaction client et la qualit\u00e9 de nos services. Forts de centaines d&#8217;avis cinq \u00e9toiles et de recommandations clients r\u00e9guli\u00e8res, nos r\u00e9sultats parlent d&#8217;eux-m\u00eames. Nous privil\u00e9gions la construction de relations durables, et non la simple conclusion de transactions\u00a0: c&#8217;est ce qui nous distingue.<\/p>\n<p>\t\t\t\t\t\t\t\t\t\t\t\t\t\t\t<img decoding=\"async\" src=\"https:\/\/azcb.co\/wp-content\/uploads\/2025\/01\/Al-Zaeem-Team-3.jpg\" title=\"\" alt=\"\" loading=\"lazy\"><br \/>\n\t\t\t\t\t\t\t\t\t\t\t\t\t\t\t<img decoding=\"async\" src=\"https:\/\/azcb.co\/wp-content\/uploads\/2025\/01\/Al-Zaeem-Team-4.jpg\" title=\"\" alt=\"\" loading=\"lazy\"><br \/>\n\t\t\t\t\t\t\t\t\t\t\t\t\t\t\t<img decoding=\"async\" width=\"300\" height=\"300\" src=\"https:\/\/azcb.co\/wp-content\/uploads\/2026\/01\/azcb-logo.webp\" alt=\"\" loading=\"lazy\"><br \/>\n\t\tAl Zaeem Real Estate s&#8217;engage \u00e0 offrir \u00e0 ses clients une vaste gamme de services en mati\u00e8re de <strong>ventes, locations, gestion immobili\u00e8re, services de conseil, courtage en pr\u00eats hypoth\u00e9caires<\/strong> et plus encore. En tant qu&#8217;agence agr\u00e9\u00e9e dans tous les \u00c9mirats arabes unis, nous sommes sp\u00e9cialis\u00e9s dans les <a href=\"https:\/\/azcb.co\/fr\/city\/abu-dhabi\/\" data-abc=\"true\"><strong>biens immobiliers \u00e0 Abou Dabi<\/strong><\/a> et les <a href=\"https:\/\/azcb.co\/properties-in-dubai\/\" data-abc=\"true\"><strong>biens immobiliers \u00e0 Duba\u00ef<\/strong><\/a>. Que vous recherchiez un bien immobilier \u00e0 Abou Dabi ou \u00e0 Duba\u00ef, notre \u00e9quipe d&#8217;experts vous garantit de trouver les meilleures propri\u00e9t\u00e9s \u00e0 Abou Dabi et \u00e0 Duba\u00ef. Agence agr\u00e9\u00e9e dans tous les \u00c9mirats arabes unis, Al Zaeem est une agence immobili\u00e8re de confiance\u00a0!\t\t<\/p>\n<h2>Demandez une consultation gratuite !<\/h2>\n<p>Nous disposons d&#8217;un certain nombre de biens immobiliers de luxe et exclusifs, parfaitement adapt\u00e9s aux clients et investisseurs internationaux.<\/p>\n<form id=\"houzez-form-e1db069\" method=\"post\" name=\"New Form\" action=\"https:\/\/azcb.co\/wp-admin\/admin-ajax.php\">\n            <input type=\"hidden\" name=\"form_id\" value=\"e1db069\"\/><br \/>\n            <input type=\"hidden\" name=\"action\" value=\"houzez_ele_inquiry_form\" \/><br \/>\n            <input type=\"hidden\" name=\"source_link\" value=\"https:\/\/azcb.co\/sell\/\" \/><br \/>\n            <input type=\"hidden\" name=\"lead_page_id\" value=\"763726\" \/><br \/>\n            <input type=\"hidden\" name=\"is_estimation\" value=\"yes\" \/><br \/>\n            <input type=\"hidden\" name=\"webhook\" value=\"false\" \/><br \/>\n            <input type=\"hidden\" name=\"webhook_url\" value=\"\" \/><br \/>\n            <input type=\"hidden\" name=\"redirect_to\" value=\"https:\/\/azcb.co\/thank-you-submission\" \/><br \/>\n            <input type=\"hidden\" name=\"email_subject\" value=\"Website Lead\" \/><br \/>\n            <input type=\"hidden\" name=\"google_recaptcha\" value=\"false\" \/><br \/>\n                    <label for=\"form-field-b66c734\">Personal Information<\/label><br \/>\n            <select name=\"user_type\" id=\"form-field-b66c734\" required=\"required\" title=\"* Personal Information\"><option value=\"\">Select<\/option><option value=\"Property Buyer\">Property Buyer<\/option><option value=\"Property Seller\">Property Seller<\/option><\/select><br \/>\n                    <label for=\"form-field-ac32e68\">&nbsp;<\/label><input type=\"text\" name=\"name\" id=\"form-field-ac32e68\" placeholder=\"First name\" title=\"* First name\" required=\"required\"><br \/>\n                    <label for=\"form-field-7304c05\">&nbsp;<\/label><input type=\"text\" name=\"last_name\" id=\"form-field-7304c05\" placeholder=\"Last name\" title=\"* Last name\" required=\"required\"><br \/>\n                    <input type=\"email\" name=\"email\" id=\"form-field-7b74074\" placeholder=\"Email address\" title=\"* Email address\" required=\"required\"><br \/>\n                    <input type=\"text\" name=\"mobile\" id=\"form-field-e92d2c5\" placeholder=\"Phone number\" title=\"* Phone number\" required=\"required\"><br \/>\n                    <label for=\"form-field-08ee178\">Property Information<\/label><br \/>\n            <select name=\"e_meta[property_type]\" id=\"form-field-08ee178\" required=\"required\" title=\"* Property Information\"><option value=\"\">Property Type<\/option><option value=\"ap\"> Apartment<\/option><option value=\"apartments\"> Apartments<\/option><option value=\"beach-house\"> Beach House<\/option><option value=\"beach-mansion\"> Beach Mansion<\/option><option value=\"commercial-plot\"> Commercial Plot<\/option><option value=\"compound\"> Compound<\/option><option value=\"condominiums\"> Condominiums<\/option><option value=\"dx\"> Duplex<\/option><option value=\"duplex-apartments\"> Duplex Apartments<\/option><option value=\"ff\"> Full Floor<\/option><option value=\"garden-apartment\"> Garden Apartment<\/option><option value=\"hotel-apartments\"> Hotel Apartments<\/option><option value=\"lp\"> Land<\/option><option value=\"loft\"> Loft Apartment<\/option><option value=\"maisonette\"> Maisonette<\/option><option value=\"mansion\"> Mansion<\/option><option value=\"of\"> Office<\/option><option value=\"penthouse\"> Penthouse<\/option><option value=\"ph\"> Penthouse<\/option><option value=\"residential-plot\"> Residential Plot<\/option><option value=\"re\"> Retail<\/option><option value=\"semi-detached\"> Semi Detached<\/option><option value=\"shop\"> Shop<\/option><option value=\"sr\"> Showroom<\/option><option value=\"sky-mansion\"> Sky Mansion<\/option><option value=\"sky-villas\"> Sky Villas<\/option><option value=\"studio-apartment\"> Studio Apartment<\/option><option value=\"suite\"> Suite<\/option><option value=\"th\"> Townhouse<\/option><option value=\"townhouses\"> Townhouses<\/option><option value=\"triplex\"> Triplex<\/option><option value=\"vh\"> Villa<\/option><option value=\"villas\"> Villas<\/option><option value=\"wb\"> Whole Building<\/option><\/select><br \/>\n                    <label for=\"form-field-cfcfcd6\">&nbsp;<\/label><br \/>\n            <select name=\"e_meta[city]\" id=\"form-field-cfcfcd6\" required=\"required\" title=\"* City\"><option value=\"\">City<\/option><option data-ref=\"abu-dhabi\" data-belong=\"\" value=\"abu-dhabi\"> Abu Dhabi<\/option><option data-ref=\"dubai\" data-belong=\"\" value=\"dubai\"> Dubai<\/option><option data-ref=\"egypt\" data-belong=\"\" value=\"egypt\"> Egypt<\/option><option data-ref=\"europe\" data-belong=\"\" value=\"europe\"> Europe<\/option><option data-ref=\"georgia\" data-belong=\"\" value=\"georgia\"> Georgia<\/option><option data-ref=\"latvia\" data-belong=\"\" value=\"latvia\"> Latvia<\/option><option data-ref=\"rak\" data-belong=\"\" value=\"rak\"> Ras Al-khaima<\/option><\/select><br \/>\n                    <label for=\"form-field-3dbb366\">&nbsp;<\/label><br \/>\n            <select name=\"user_type\" id=\"form-field-3dbb366\" required=\"required\" title=\"* Your budget\"><option value=\"\">Your budget<\/option><option value=\"Between 1M - 3M AED\">Between 1M &#8211; 3M AED<\/option><option value=\"Between 3M - 5M AED\">Between 3M &#8211; 5M AED<\/option><option value=\"More than 5M AED\">More than 5M AED<\/option><\/select><br \/>\n            <select name=\"user_type\" id=\"form-field-c3053de\" required=\"required\" title=\"* No. of Bedrooms\"><option value=\"\">No. of Bedrooms<\/option><option value=\"1\">1<\/option><option value=\"2\">2<\/option><option value=\"3\">3<\/option><option value=\"4\">4<\/option><option value=\"5\">5<\/option><option value=\"6\">6<\/option><\/select><br \/>\n            <select name=\"user_type\" id=\"form-field-2fc4c8b\" required=\"required\" title=\"* How soon you are willing to Invest\"><option value=\"\">How soon you are willing to Invest<\/option><option value=\"Immediately\">Immediately<\/option><option value=\"Within 3 months\">Within 3 months<\/option><option value=\"Within 6 months\">Within 6 months<\/option><option value=\"Not sure\">Not sure<\/option><\/select><br \/>\n                    <button type=\"submit\"><br \/>\n                                                    Submit                                            <\/button><br \/>\n            <!-- End wrapper--><br \/>\n            <br \/>\n        <\/form>\n<p>\t\t\t\t\t\t\t\t\t\t\t\t\t\t\t<img decoding=\"async\" src=\"https:\/\/azcb.co\/wp-content\/uploads\/elementor\/thumbs\/aldar-roadshow-properties-qudi0mfldsezfolbbm9vcdauihim370kmnft4yxhrc.jpg\" title=\"aldar-roadshow-properties\" alt=\"aldar-roadshow-properties\" loading=\"lazy\" \/><\/p>\n","protected":false},"excerpt":{"rendered":"<p>Leading Developer in Abu Dhabi Aldar Properties Draft Premium Luxury Projects in Saadiyat, and Yas Island.\u00a0 Wide range of Ready to Move and Off Plan (Beachfront and Golf View) Apartments and Villas. All Nationalities can Buy! Prices Start at AED 673,060 Luxury Beyond Expectations Vendez ou louez votre bien en toute confiance ! Que vous [&hellip;]<\/p>\n","protected":false},"author":223,"featured_media":0,"parent":0,"menu_order":0,"comment_status":"closed","ping_status":"closed","template":"elementor_header_footer","meta":{"_joinchat":[],"footnotes":""},"class_list":["post-763726","page","type-page","status-publish","hentry"],"_links":{"self":[{"href":"https:\/\/azcb.co\/fr\/wp-json\/wp\/v2\/pages\/763726","targetHints":{"allow":["GET"]}}],"collection":[{"href":"https:\/\/azcb.co\/fr\/wp-json\/wp\/v2\/pages"}],"about":[{"href":"https:\/\/azcb.co\/fr\/wp-json\/wp\/v2\/types\/page"}],"author":[{"embeddable":true,"href":"https:\/\/azcb.co\/fr\/wp-json\/wp\/v2\/users\/223"}],"replies":[{"embeddable":true,"href":"https:\/\/azcb.co\/fr\/wp-json\/wp\/v2\/comments?post=763726"}],"version-history":[{"count":6,"href":"https:\/\/azcb.co\/fr\/wp-json\/wp\/v2\/pages\/763726\/revisions"}],"predecessor-version":[{"id":774805,"href":"https:\/\/azcb.co\/fr\/wp-json\/wp\/v2\/pages\/763726\/revisions\/774805"}],"wp:attachment":[{"href":"https:\/\/azcb.co\/fr\/wp-json\/wp\/v2\/media?parent=763726"}],"curies":[{"name":"wp","href":"https:\/\/api.w.org\/{rel}","templated":true}]}}