{"id":742361,"date":"2023-07-21T09:01:47","date_gmt":"2023-07-21T05:01:47","guid":{"rendered":"https:\/\/azcb.co\/abudhabi-t%c9%99rtibatcilari\/"},"modified":"2026-05-07T13:04:00","modified_gmt":"2026-05-07T09:04:00","slug":"abudhabi-t%c9%99rtibatcilari","status":"publish","type":"page","link":"https:\/\/azcb.co\/az\/abudhabi-t%c9%99rtibatcilari\/","title":{"rendered":"Abudhabi T\u0259rtibat\u00e7\u0131lar\u0131"},"content":{"rendered":"","protected":false},"excerpt":{"rendered":"","protected":false},"author":223,"featured_media":0,"parent":0,"menu_order":0,"comment_status":"closed","ping_status":"closed","template":"elementor_header_footer","meta":{"_joinchat":[],"footnotes":""},"class_list":["post-742361","page","type-page","status-publish","hentry"],"_links":{"self":[{"href":"https:\/\/azcb.co\/az\/wp-json\/wp\/v2\/pages\/742361","targetHints":{"allow":["GET"]}}],"collection":[{"href":"https:\/\/azcb.co\/az\/wp-json\/wp\/v2\/pages"}],"about":[{"href":"https:\/\/azcb.co\/az\/wp-json\/wp\/v2\/types\/page"}],"author":[{"embeddable":true,"href":"https:\/\/azcb.co\/az\/wp-json\/wp\/v2\/users\/223"}],"replies":[{"embeddable":true,"href":"https:\/\/azcb.co\/az\/wp-json\/wp\/v2\/comments?post=742361"}],"version-history":[{"count":1,"href":"https:\/\/azcb.co\/az\/wp-json\/wp\/v2\/pages\/742361\/revisions"}],"predecessor-version":[{"id":773636,"href":"https:\/\/azcb.co\/az\/wp-json\/wp\/v2\/pages\/742361\/revisions\/773636"}],"wp:attachment":[{"href":"https:\/\/azcb.co\/az\/wp-json\/wp\/v2\/media?parent=742361"}],"curies":[{"name":"wp","href":"https:\/\/api.w.org\/{rel}","templated":true}]}}