{"id":742333,"date":"2020-02-18T11:51:13","date_gmt":"2020-02-18T07:51:13","guid":{"rendered":"https:\/\/azcb.co\/butun-xususiyy%c9%99tl%c9%99r\/"},"modified":"2020-02-18T11:51:13","modified_gmt":"2020-02-18T07:51:13","slug":"butun-xususiyy%c9%99tl%c9%99r","status":"publish","type":"page","link":"https:\/\/azcb.co\/az\/butun-xususiyy%c9%99tl%c9%99r\/","title":{"rendered":"B\u00fct\u00fcn X\u00fcsusiyy\u0259tl\u0259r"},"content":{"rendered":"","protected":false},"excerpt":{"rendered":"","protected":false},"author":223,"featured_media":0,"parent":0,"menu_order":0,"comment_status":"closed","ping_status":"closed","template":"template\/template-listing-grid-v2-fullwidth-3cols.php","meta":{"_joinchat":[],"footnotes":""},"class_list":["post-742333","page","type-page","status-publish","hentry"],"_links":{"self":[{"href":"https:\/\/azcb.co\/az\/wp-json\/wp\/v2\/pages\/742333","targetHints":{"allow":["GET"]}}],"collection":[{"href":"https:\/\/azcb.co\/az\/wp-json\/wp\/v2\/pages"}],"about":[{"href":"https:\/\/azcb.co\/az\/wp-json\/wp\/v2\/types\/page"}],"author":[{"embeddable":true,"href":"https:\/\/azcb.co\/az\/wp-json\/wp\/v2\/users\/223"}],"replies":[{"embeddable":true,"href":"https:\/\/azcb.co\/az\/wp-json\/wp\/v2\/comments?post=742333"}],"version-history":[{"count":0,"href":"https:\/\/azcb.co\/az\/wp-json\/wp\/v2\/pages\/742333\/revisions"}],"wp:attachment":[{"href":"https:\/\/azcb.co\/az\/wp-json\/wp\/v2\/media?parent=742333"}],"curies":[{"name":"wp","href":"https:\/\/api.w.org\/{rel}","templated":true}]}}