{"id":742016,"date":"2025-04-09T23:55:05","date_gmt":"2025-04-09T19:55:05","guid":{"rendered":"https:\/\/azcb.co\/yasayis-sah%c9%99si-almaq\/"},"modified":"2026-04-03T13:35:19","modified_gmt":"2026-04-03T09:35:19","slug":"yasayis-sah%c9%99si-almaq","status":"publish","type":"page","link":"https:\/\/azcb.co\/az\/yasayis-sah%c9%99si-almaq\/","title":{"rendered":"Ya\u015fay\u0131\u015f sah\u0259si almaq"},"content":{"rendered":"","protected":false},"excerpt":{"rendered":"","protected":false},"author":232,"featured_media":0,"parent":0,"menu_order":0,"comment_status":"closed","ping_status":"closed","template":"elementor_header_footer","meta":{"_joinchat":[],"footnotes":""},"class_list":["post-742016","page","type-page","status-publish","hentry"],"_links":{"self":[{"href":"https:\/\/azcb.co\/az\/wp-json\/wp\/v2\/pages\/742016","targetHints":{"allow":["GET"]}}],"collection":[{"href":"https:\/\/azcb.co\/az\/wp-json\/wp\/v2\/pages"}],"about":[{"href":"https:\/\/azcb.co\/az\/wp-json\/wp\/v2\/types\/page"}],"author":[{"embeddable":true,"href":"https:\/\/azcb.co\/az\/wp-json\/wp\/v2\/users\/232"}],"replies":[{"embeddable":true,"href":"https:\/\/azcb.co\/az\/wp-json\/wp\/v2\/comments?post=742016"}],"version-history":[{"count":0,"href":"https:\/\/azcb.co\/az\/wp-json\/wp\/v2\/pages\/742016\/revisions"}],"wp:attachment":[{"href":"https:\/\/azcb.co\/az\/wp-json\/wp\/v2\/media?parent=742016"}],"curies":[{"name":"wp","href":"https:\/\/api.w.org\/{rel}","templated":true}]}}