{"id":742012,"date":"2025-04-05T22:23:11","date_gmt":"2025-04-05T18:23:11","guid":{"rendered":"https:\/\/azcb.co\/showroom-icar%c9%99y%c9%99-goturun\/"},"modified":"2025-04-05T22:23:11","modified_gmt":"2025-04-05T18:23:11","slug":"showroom-icar%c9%99y%c9%99-goturun","status":"publish","type":"page","link":"https:\/\/azcb.co\/az\/showroom-icar%c9%99y%c9%99-goturun\/","title":{"rendered":"Showroom icar\u0259y\u0259 g\u00f6t\u00fcr\u00fcn"},"content":{"rendered":"","protected":false},"excerpt":{"rendered":"","protected":false},"author":232,"featured_media":0,"parent":0,"menu_order":0,"comment_status":"closed","ping_status":"closed","template":"elementor_header_footer","meta":{"_joinchat":[],"footnotes":""},"class_list":["post-742012","page","type-page","status-publish","hentry"],"_links":{"self":[{"href":"https:\/\/azcb.co\/az\/wp-json\/wp\/v2\/pages\/742012","targetHints":{"allow":["GET"]}}],"collection":[{"href":"https:\/\/azcb.co\/az\/wp-json\/wp\/v2\/pages"}],"about":[{"href":"https:\/\/azcb.co\/az\/wp-json\/wp\/v2\/types\/page"}],"author":[{"embeddable":true,"href":"https:\/\/azcb.co\/az\/wp-json\/wp\/v2\/users\/232"}],"replies":[{"embeddable":true,"href":"https:\/\/azcb.co\/az\/wp-json\/wp\/v2\/comments?post=742012"}],"version-history":[{"count":0,"href":"https:\/\/azcb.co\/az\/wp-json\/wp\/v2\/pages\/742012\/revisions"}],"wp:attachment":[{"href":"https:\/\/azcb.co\/az\/wp-json\/wp\/v2\/media?parent=742012"}],"curies":[{"name":"wp","href":"https:\/\/api.w.org\/{rel}","templated":true}]}}